{"id":99,"date":"2015-02-05T10:40:09","date_gmt":"2015-02-05T10:40:09","guid":{"rendered":"http:\/\/www.holz-aussenanlagen.de\/?page_id=99"},"modified":"2015-02-11T11:16:51","modified_gmt":"2015-02-11T11:16:51","slug":"pflanzarbeiten","status":"publish","type":"page","link":"http:\/\/www.holz-aussenanlagen.de\/?page_id=99","title":{"rendered":"Pflanzarbeiten"},"content":{"rendered":"<p><img loading=\"lazy\" decoding=\"async\" src=\"http:\/\/www.holz-aussenanlagen.de\/wp-content\/uploads\/2015\/02\/pflanzarbeiten_uh.jpg\" alt=\"pflanzarbeiten_uh\" width=\"746\" height=\"216\" class=\"alignnone size-full wp-image-168\" srcset=\"http:\/\/www.holz-aussenanlagen.de\/wp-content\/uploads\/2015\/02\/pflanzarbeiten_uh.jpg 746w, http:\/\/www.holz-aussenanlagen.de\/wp-content\/uploads\/2015\/02\/pflanzarbeiten_uh-480x139.jpg 480w, http:\/\/www.holz-aussenanlagen.de\/wp-content\/uploads\/2015\/02\/pflanzarbeiten_uh-700x203.jpg 700w, http:\/\/www.holz-aussenanlagen.de\/wp-content\/uploads\/2015\/02\/pflanzarbeiten_uh-332x96.jpg 332w\" sizes=\"(max-width: 746px) 100vw, 746px\" \/><\/p>\n<div class=\"content_rechts\">\n<img loading=\"lazy\" decoding=\"async\" src=\"http:\/\/www.holz-aussenanlagen.de\/wp-content\/uploads\/2015\/02\/pflanzarbeiten_b1.jpg\" alt=\"Gartenanlage mit Teich\" width=\"240\" height=\"160\" class=\"alignnone size-full wp-image-170\" \/>\n<\/div>\n<h4>Pflanzen &#8211; das Gr\u00fcn in Ihrem Garten<\/h4>\n<p>Die gro\u00dfe Kunst der richtigen Pflanzenauswahl stellt den letzten, aber f\u00fcr den harmonischen Gesamteindruck Ihres Gartenprojekts entscheidenden Schritt bei der Fertigstellung Ihres Traumgartens dar.<br \/>\nPflanzen setzen durch ihre Bl\u00fcte und ihr Blattwerk farbliche Impulse, ihr besonderer Wuchs oder Schnitt gibt Struktur oder schafft Perspektive.<br \/>\nDie \u00c4sthetik ist jedoch stets nur ein Aspekt der Pflanzenwahl. <\/p>\n<p>Etliche weitere Faktoren wie u. a. Standort, Bodenanspruch, Wasser und N\u00e4hrstoffbedarf, Sch\u00e4dlings- und Krankheitsresistenz gilt es zu ber\u00fccksichtigen.<\/p>\n<p>Erst unsere Kenntnis all dieser Faktoren, unsere Leidenschaft f\u00fcr Pflanzen l\u00e4sst auf Dauer in Ihrem Garten das rechte Gr\u00fcn erbl\u00fchen.<\/p>\n","protected":false},"excerpt":{"rendered":"<p>Pflanzen &#8211; das Gr\u00fcn in Ihrem Garten Die gro\u00dfe Kunst der richtigen Pflanzenauswahl stellt den letzten, aber f\u00fcr den harmonischen Gesamteindruck Ihres Gartenprojekts entscheidenden Schritt bei der Fertigstellung Ihres Traumgartens dar. Pflanzen setzen durch ihre Bl\u00fcte und ihr Blattwerk farbliche Impulse, ihr besonderer Wuchs oder Schnitt gibt Struktur oder schafft &#8230;<\/p>\n","protected":false},"author":1,"featured_media":0,"parent":0,"menu_order":0,"comment_status":"closed","ping_status":"open","template":"","meta":{"footnotes":""},"_links":{"self":[{"href":"http:\/\/www.holz-aussenanlagen.de\/index.php?rest_route=\/wp\/v2\/pages\/99"}],"collection":[{"href":"http:\/\/www.holz-aussenanlagen.de\/index.php?rest_route=\/wp\/v2\/pages"}],"about":[{"href":"http:\/\/www.holz-aussenanlagen.de\/index.php?rest_route=\/wp\/v2\/types\/page"}],"author":[{"embeddable":true,"href":"http:\/\/www.holz-aussenanlagen.de\/index.php?rest_route=\/wp\/v2\/users\/1"}],"replies":[{"embeddable":true,"href":"http:\/\/www.holz-aussenanlagen.de\/index.php?rest_route=%2Fwp%2Fv2%2Fcomments&post=99"}],"version-history":[{"count":7,"href":"http:\/\/www.holz-aussenanlagen.de\/index.php?rest_route=\/wp\/v2\/pages\/99\/revisions"}],"predecessor-version":[{"id":171,"href":"http:\/\/www.holz-aussenanlagen.de\/index.php?rest_route=\/wp\/v2\/pages\/99\/revisions\/171"}],"wp:attachment":[{"href":"http:\/\/www.holz-aussenanlagen.de\/index.php?rest_route=%2Fwp%2Fv2%2Fmedia&parent=99"}],"curies":[{"name":"wp","href":"https:\/\/api.w.org\/{rel}","templated":true}]}}