{"id":97,"date":"2015-02-05T10:39:23","date_gmt":"2015-02-05T10:39:23","guid":{"rendered":"http:\/\/www.holz-aussenanlagen.de\/?page_id=97"},"modified":"2015-02-11T11:12:13","modified_gmt":"2015-02-11T11:12:13","slug":"barrierefreie-umgestaltung","status":"publish","type":"page","link":"http:\/\/www.holz-aussenanlagen.de\/?page_id=97","title":{"rendered":"Barrierefreie Umgestaltung"},"content":{"rendered":"<p><img loading=\"lazy\" decoding=\"async\" src=\"http:\/\/www.holz-aussenanlagen.de\/wp-content\/uploads\/2015\/02\/barrierefrei_uh.jpg\" alt=\"barrierefrei_uh\" width=\"746\" height=\"216\" class=\"alignnone size-full wp-image-163\" srcset=\"http:\/\/www.holz-aussenanlagen.de\/wp-content\/uploads\/2015\/02\/barrierefrei_uh.jpg 746w, http:\/\/www.holz-aussenanlagen.de\/wp-content\/uploads\/2015\/02\/barrierefrei_uh-480x139.jpg 480w, http:\/\/www.holz-aussenanlagen.de\/wp-content\/uploads\/2015\/02\/barrierefrei_uh-700x203.jpg 700w, http:\/\/www.holz-aussenanlagen.de\/wp-content\/uploads\/2015\/02\/barrierefrei_uh-332x96.jpg 332w\" sizes=\"(max-width: 746px) 100vw, 746px\" \/><\/p>\n<div class=\"content_rechts\">\n<img loading=\"lazy\" decoding=\"async\" src=\"http:\/\/www.holz-aussenanlagen.de\/wp-content\/uploads\/2015\/02\/barrierefrei_b1.jpg\" alt=\"view of the beautiful modern houses, .outdoor at night\" width=\"240\" height=\"160\" class=\"alignnone size-full wp-image-164\" \/>\n<\/div>\n<h4>Mobilit\u00e4t hei\u00dft Freiheit<\/h4>\n<p>Sie sind durch Einschr\u00e4nkungen Ihrer Beweglichkeit an Ihr Heim gefesselt? K\u00f6nnen es ohne fremde Hilfe nicht verlassen? Stufen, Abs\u00e4tze und Podeste stellen un\u00fcberwindliche Hindernisse dar?<br \/>\nBarrierefreies Umgestalten bietet die L\u00f6sung!<br \/>\nSie denken, ein solcher Umbau sein an Ihrem Haus nicht m\u00f6glich? <\/p>\n<p>Wir finden Mittel und Wege, Ihren Aufgang, Ihre Zufahrten und Gehwege so umzugestalten, dass Ihr Eingang, Ihre Garage, Ihre Terrasse f\u00fcr Sie hindernislos erreichbar wird.<\/p>\n<p>Gerne beraten wir Sie auch hinsichtlich der F\u00f6rderma\u00dfnahmen, die bei einem solchen Umbau bereitgestellt werden.<\/p>\n","protected":false},"excerpt":{"rendered":"<p>Mobilit\u00e4t hei\u00dft Freiheit Sie sind durch Einschr\u00e4nkungen Ihrer Beweglichkeit an Ihr Heim gefesselt? K\u00f6nnen es ohne fremde Hilfe nicht verlassen? Stufen, Abs\u00e4tze und Podeste stellen un\u00fcberwindliche Hindernisse dar? Barrierefreies Umgestalten bietet die L\u00f6sung! Sie denken, ein solcher Umbau sein an Ihrem Haus nicht m\u00f6glich? Wir finden Mittel und Wege, Ihren &#8230;<\/p>\n","protected":false},"author":1,"featured_media":0,"parent":0,"menu_order":0,"comment_status":"closed","ping_status":"open","template":"","meta":{"footnotes":""},"_links":{"self":[{"href":"http:\/\/www.holz-aussenanlagen.de\/index.php?rest_route=\/wp\/v2\/pages\/97"}],"collection":[{"href":"http:\/\/www.holz-aussenanlagen.de\/index.php?rest_route=\/wp\/v2\/pages"}],"about":[{"href":"http:\/\/www.holz-aussenanlagen.de\/index.php?rest_route=\/wp\/v2\/types\/page"}],"author":[{"embeddable":true,"href":"http:\/\/www.holz-aussenanlagen.de\/index.php?rest_route=\/wp\/v2\/users\/1"}],"replies":[{"embeddable":true,"href":"http:\/\/www.holz-aussenanlagen.de\/index.php?rest_route=%2Fwp%2Fv2%2Fcomments&post=97"}],"version-history":[{"count":5,"href":"http:\/\/www.holz-aussenanlagen.de\/index.php?rest_route=\/wp\/v2\/pages\/97\/revisions"}],"predecessor-version":[{"id":166,"href":"http:\/\/www.holz-aussenanlagen.de\/index.php?rest_route=\/wp\/v2\/pages\/97\/revisions\/166"}],"wp:attachment":[{"href":"http:\/\/www.holz-aussenanlagen.de\/index.php?rest_route=%2Fwp%2Fv2%2Fmedia&parent=97"}],"curies":[{"name":"wp","href":"https:\/\/api.w.org\/{rel}","templated":true}]}}