{"id":95,"date":"2015-02-05T10:38:32","date_gmt":"2015-02-05T10:38:32","guid":{"rendered":"http:\/\/www.holz-aussenanlagen.de\/?page_id=95"},"modified":"2015-02-11T11:07:02","modified_gmt":"2015-02-11T11:07:02","slug":"wasser-im-garten","status":"publish","type":"page","link":"http:\/\/www.holz-aussenanlagen.de\/?page_id=95","title":{"rendered":"Wasser im Garten"},"content":{"rendered":"<p><img loading=\"lazy\" decoding=\"async\" src=\"http:\/\/www.holz-aussenanlagen.de\/wp-content\/uploads\/2015\/02\/wasser_uh.jpg\" alt=\"wasser_uh\" width=\"746\" height=\"216\" class=\"alignnone size-full wp-image-160\" srcset=\"http:\/\/www.holz-aussenanlagen.de\/wp-content\/uploads\/2015\/02\/wasser_uh.jpg 746w, http:\/\/www.holz-aussenanlagen.de\/wp-content\/uploads\/2015\/02\/wasser_uh-480x139.jpg 480w, http:\/\/www.holz-aussenanlagen.de\/wp-content\/uploads\/2015\/02\/wasser_uh-700x203.jpg 700w, http:\/\/www.holz-aussenanlagen.de\/wp-content\/uploads\/2015\/02\/wasser_uh-332x96.jpg 332w\" sizes=\"(max-width: 746px) 100vw, 746px\" \/><\/p>\n<div class=\"content_rechts\">\n<img loading=\"lazy\" decoding=\"async\" src=\"http:\/\/www.holz-aussenanlagen.de\/wp-content\/uploads\/2015\/02\/wasser_b1.jpg\" alt=\"Gartenteich mit Bachlauf\" width=\"240\" height=\"160\" class=\"alignnone size-full wp-image-161\" \/>\n<\/div>\n<h4>Wasser ist Leben<\/h4>\n<p>Viele Gartenkonzepte, wie z. B. der <i>Naturnahe Garten<\/i> oder der <i>Japanische Garten<\/i> beinhalten traditionell die Verwendung des Elementes Wasser als Teil ihres erholsamen Charakters.<br \/>\nSie ziele darauf ab, dass ein stetiges Pl\u00e4tschern sowie das Beobachten von Fischen, die um bl\u00fchende Seerosen kreisen, von Molchen, die ab und an zum Luftschnappen an der Oberfl\u00e4che auftauchen, von trinkenden V\u00f6geln, von sich im Wasser spiegelnden Objekten den Menschen beruhigen und in Einklang mit der ihn umgebenden Natur bringen.<\/p>\n<p>Doch auch in das Konzept des modernen <i>Architektonischen Gartens<\/i> lassen sich Teiche, Bachl\u00e4ufe, Wasserspiele aus Basalt und Granit oder Bassins aus Edelstahl hervorragend auf harmonische, stimmige Art und Weise integrieren.<\/p>\n<p>In Ihrem Garten soll es flie\u00dfen und pl\u00e4tschern? &#8211; Wir haben f\u00fcr Sie die passende L\u00f6sung.<\/p>\n","protected":false},"excerpt":{"rendered":"<p>Wasser ist Leben Viele Gartenkonzepte, wie z. B. der Naturnahe Garten oder der Japanische Garten beinhalten traditionell die Verwendung des Elementes Wasser als Teil ihres erholsamen Charakters. Sie ziele darauf ab, dass ein stetiges Pl\u00e4tschern sowie das Beobachten von Fischen, die um bl\u00fchende Seerosen kreisen, von Molchen, die ab und &#8230;<\/p>\n","protected":false},"author":1,"featured_media":0,"parent":0,"menu_order":0,"comment_status":"closed","ping_status":"open","template":"","meta":{"footnotes":""},"_links":{"self":[{"href":"http:\/\/www.holz-aussenanlagen.de\/index.php?rest_route=\/wp\/v2\/pages\/95"}],"collection":[{"href":"http:\/\/www.holz-aussenanlagen.de\/index.php?rest_route=\/wp\/v2\/pages"}],"about":[{"href":"http:\/\/www.holz-aussenanlagen.de\/index.php?rest_route=\/wp\/v2\/types\/page"}],"author":[{"embeddable":true,"href":"http:\/\/www.holz-aussenanlagen.de\/index.php?rest_route=\/wp\/v2\/users\/1"}],"replies":[{"embeddable":true,"href":"http:\/\/www.holz-aussenanlagen.de\/index.php?rest_route=%2Fwp%2Fv2%2Fcomments&post=95"}],"version-history":[{"count":5,"href":"http:\/\/www.holz-aussenanlagen.de\/index.php?rest_route=\/wp\/v2\/pages\/95\/revisions"}],"predecessor-version":[{"id":162,"href":"http:\/\/www.holz-aussenanlagen.de\/index.php?rest_route=\/wp\/v2\/pages\/95\/revisions\/162"}],"wp:attachment":[{"href":"http:\/\/www.holz-aussenanlagen.de\/index.php?rest_route=%2Fwp%2Fv2%2Fmedia&parent=95"}],"curies":[{"name":"wp","href":"https:\/\/api.w.org\/{rel}","templated":true}]}}