{"id":93,"date":"2015-02-05T10:37:20","date_gmt":"2015-02-05T10:37:20","guid":{"rendered":"http:\/\/www.holz-aussenanlagen.de\/?page_id=93"},"modified":"2015-02-11T11:02:26","modified_gmt":"2015-02-11T11:02:26","slug":"sichtschutz-und-zaeune","status":"publish","type":"page","link":"http:\/\/www.holz-aussenanlagen.de\/?page_id=93","title":{"rendered":"Sichtschutz und Z\u00e4une"},"content":{"rendered":"<p><img loading=\"lazy\" decoding=\"async\" src=\"http:\/\/www.holz-aussenanlagen.de\/wp-content\/uploads\/2015\/02\/sichtschutz_uh.jpg\" alt=\"sichtschutz_uh\" width=\"746\" height=\"216\" class=\"alignnone size-full wp-image-157\" srcset=\"http:\/\/www.holz-aussenanlagen.de\/wp-content\/uploads\/2015\/02\/sichtschutz_uh.jpg 746w, http:\/\/www.holz-aussenanlagen.de\/wp-content\/uploads\/2015\/02\/sichtschutz_uh-480x139.jpg 480w, http:\/\/www.holz-aussenanlagen.de\/wp-content\/uploads\/2015\/02\/sichtschutz_uh-700x203.jpg 700w, http:\/\/www.holz-aussenanlagen.de\/wp-content\/uploads\/2015\/02\/sichtschutz_uh-332x96.jpg 332w\" sizes=\"(max-width: 746px) 100vw, 746px\" \/><\/p>\n<div class=\"content_rechts\">\n<img loading=\"lazy\" decoding=\"async\" src=\"http:\/\/www.holz-aussenanlagen.de\/wp-content\/uploads\/2015\/02\/sichtschutz_b1.jpg\" alt=\"sichtschutz_b1\" width=\"240\" height=\"160\" class=\"alignnone size-full wp-image-158\" \/>\n<\/div>\n<h4>Der Schutz vor unerw\u00fcnschten Blicken und Eindringlingen..<\/h4>\n<p>..ist ein tief verwurzeltes Bed\u00fcrfnis, das viele Hausbesitzer nur all zu gut kennen.<br \/>\nWer m\u00f6chte schon beim sonnt\u00e4glichen Fr\u00fchst\u00fcck im Morgenmantel oder beim Sonnenbad auf der eigenen Terrasse beobachtet werden?<br \/>\nWer m\u00f6chte, das jeder Passant Zugang zum eigenen Grundst\u00fcck erh\u00e4lt? Das Kind und Hund ungehindert auf die Stra\u00dfe laufen?<\/p>\n<p>Ob Pflanzhecke, Kunststoff-, Holz- oder Beton-Fertigelemente, Stabgitterz\u00e4une, Kunststein- oder Natursteinmauern, das Angebot ist heutzutage nahezu unbegrenzt.<\/p>\n<p>Gemeinsam mit Ihnen finden wir die optimale M\u00f6glichkeit, Sie vor Blicken oder Eindringlingen zu sch\u00fctzen.<\/p>\n","protected":false},"excerpt":{"rendered":"<p>Der Schutz vor unerw\u00fcnschten Blicken und Eindringlingen.. ..ist ein tief verwurzeltes Bed\u00fcrfnis, das viele Hausbesitzer nur all zu gut kennen. Wer m\u00f6chte schon beim sonnt\u00e4glichen Fr\u00fchst\u00fcck im Morgenmantel oder beim Sonnenbad auf der eigenen Terrasse beobachtet werden? Wer m\u00f6chte, das jeder Passant Zugang zum eigenen Grundst\u00fcck erh\u00e4lt? Das Kind und &#8230;<\/p>\n","protected":false},"author":1,"featured_media":0,"parent":0,"menu_order":0,"comment_status":"closed","ping_status":"open","template":"","meta":{"footnotes":""},"_links":{"self":[{"href":"http:\/\/www.holz-aussenanlagen.de\/index.php?rest_route=\/wp\/v2\/pages\/93"}],"collection":[{"href":"http:\/\/www.holz-aussenanlagen.de\/index.php?rest_route=\/wp\/v2\/pages"}],"about":[{"href":"http:\/\/www.holz-aussenanlagen.de\/index.php?rest_route=\/wp\/v2\/types\/page"}],"author":[{"embeddable":true,"href":"http:\/\/www.holz-aussenanlagen.de\/index.php?rest_route=\/wp\/v2\/users\/1"}],"replies":[{"embeddable":true,"href":"http:\/\/www.holz-aussenanlagen.de\/index.php?rest_route=%2Fwp%2Fv2%2Fcomments&post=93"}],"version-history":[{"count":5,"href":"http:\/\/www.holz-aussenanlagen.de\/index.php?rest_route=\/wp\/v2\/pages\/93\/revisions"}],"predecessor-version":[{"id":159,"href":"http:\/\/www.holz-aussenanlagen.de\/index.php?rest_route=\/wp\/v2\/pages\/93\/revisions\/159"}],"wp:attachment":[{"href":"http:\/\/www.holz-aussenanlagen.de\/index.php?rest_route=%2Fwp%2Fv2%2Fmedia&parent=93"}],"curies":[{"name":"wp","href":"https:\/\/api.w.org\/{rel}","templated":true}]}}