{"id":91,"date":"2015-02-05T10:36:32","date_gmt":"2015-02-05T10:36:32","guid":{"rendered":"http:\/\/www.holz-aussenanlagen.de\/?page_id=91"},"modified":"2015-02-11T10:57:21","modified_gmt":"2015-02-11T10:57:21","slug":"mauerwerk","status":"publish","type":"page","link":"http:\/\/www.holz-aussenanlagen.de\/?page_id=91","title":{"rendered":"Mauerwerk"},"content":{"rendered":"<p><img loading=\"lazy\" decoding=\"async\" src=\"http:\/\/www.holz-aussenanlagen.de\/wp-content\/uploads\/2015\/02\/mauerwerk_uh.jpg\" alt=\"mauerwerk_uh\" width=\"746\" height=\"216\" class=\"alignnone size-full wp-image-150\" srcset=\"http:\/\/www.holz-aussenanlagen.de\/wp-content\/uploads\/2015\/02\/mauerwerk_uh.jpg 746w, http:\/\/www.holz-aussenanlagen.de\/wp-content\/uploads\/2015\/02\/mauerwerk_uh-480x139.jpg 480w, http:\/\/www.holz-aussenanlagen.de\/wp-content\/uploads\/2015\/02\/mauerwerk_uh-700x203.jpg 700w, http:\/\/www.holz-aussenanlagen.de\/wp-content\/uploads\/2015\/02\/mauerwerk_uh-332x96.jpg 332w\" sizes=\"(max-width: 746px) 100vw, 746px\" \/><\/p>\n<div class=\"content_rechts\">\n<img loading=\"lazy\" decoding=\"async\" src=\"http:\/\/www.holz-aussenanlagen.de\/wp-content\/uploads\/2015\/02\/mauerwerk_b1.jpg\" alt=\"Hochbeet seitlich\" width=\"240\" height=\"160\" class=\"alignnone size-full wp-image-152\" \/>\n<\/div>\n<h4>Stein auf Stein..<\/h4>\n<p>..hei\u00dft es sprichw\u00f6rtlich beim Mauerbau. Der Sektor Mauerbau im Au\u00dfenbereich ist sehr vielschichtig.<br \/>\nHierzu z\u00e4hlen u.a. die Gel\u00e4ndemodulation durch Terrassierung bzw. das Abfangen von H\u00e4ngen, der Bau von grenz- und strukturgebenden Mauern, aber auch das Setzen von Palisaden sowie das Errichten von Hochbeeten und Kr\u00e4uterspiralen.<\/p>\n<p>Ob Trockenmauer oder M\u00f6rtelmauer, ob Betonwerkstein, Klinker oder Betonfertigelemente, ob Kalkstein, Wasserbaustein, Basalt oder Schiefer..<\/p>\n<p>Wir errichten das f\u00fcr Sie passende Bauwerk.<\/p>\n","protected":false},"excerpt":{"rendered":"<p>Stein auf Stein.. ..hei\u00dft es sprichw\u00f6rtlich beim Mauerbau. Der Sektor Mauerbau im Au\u00dfenbereich ist sehr vielschichtig. Hierzu z\u00e4hlen u.a. die Gel\u00e4ndemodulation durch Terrassierung bzw. das Abfangen von H\u00e4ngen, der Bau von grenz- und strukturgebenden Mauern, aber auch das Setzen von Palisaden sowie das Errichten von Hochbeeten und Kr\u00e4uterspiralen. Ob Trockenmauer &#8230;<\/p>\n","protected":false},"author":1,"featured_media":0,"parent":0,"menu_order":0,"comment_status":"closed","ping_status":"open","template":"","meta":{"footnotes":""},"_links":{"self":[{"href":"http:\/\/www.holz-aussenanlagen.de\/index.php?rest_route=\/wp\/v2\/pages\/91"}],"collection":[{"href":"http:\/\/www.holz-aussenanlagen.de\/index.php?rest_route=\/wp\/v2\/pages"}],"about":[{"href":"http:\/\/www.holz-aussenanlagen.de\/index.php?rest_route=\/wp\/v2\/types\/page"}],"author":[{"embeddable":true,"href":"http:\/\/www.holz-aussenanlagen.de\/index.php?rest_route=\/wp\/v2\/users\/1"}],"replies":[{"embeddable":true,"href":"http:\/\/www.holz-aussenanlagen.de\/index.php?rest_route=%2Fwp%2Fv2%2Fcomments&post=91"}],"version-history":[{"count":9,"href":"http:\/\/www.holz-aussenanlagen.de\/index.php?rest_route=\/wp\/v2\/pages\/91\/revisions"}],"predecessor-version":[{"id":156,"href":"http:\/\/www.holz-aussenanlagen.de\/index.php?rest_route=\/wp\/v2\/pages\/91\/revisions\/156"}],"wp:attachment":[{"href":"http:\/\/www.holz-aussenanlagen.de\/index.php?rest_route=%2Fwp%2Fv2%2Fmedia&parent=91"}],"curies":[{"name":"wp","href":"https:\/\/api.w.org\/{rel}","templated":true}]}}