{"id":89,"date":"2015-02-05T10:35:42","date_gmt":"2015-02-05T10:35:42","guid":{"rendered":"http:\/\/www.holz-aussenanlagen.de\/?page_id=89"},"modified":"2015-02-11T10:47:34","modified_gmt":"2015-02-11T10:47:34","slug":"naturstein-und-pflasterarbeiten","status":"publish","type":"page","link":"http:\/\/www.holz-aussenanlagen.de\/?page_id=89","title":{"rendered":"Naturstein- und Pflasterarbeiten"},"content":{"rendered":"<p><img loading=\"lazy\" decoding=\"async\" src=\"http:\/\/www.holz-aussenanlagen.de\/wp-content\/uploads\/2015\/02\/naturstein_uh.jpg\" alt=\"naturstein_uh\" width=\"746\" height=\"216\" class=\"alignnone size-full wp-image-147\" srcset=\"http:\/\/www.holz-aussenanlagen.de\/wp-content\/uploads\/2015\/02\/naturstein_uh.jpg 746w, http:\/\/www.holz-aussenanlagen.de\/wp-content\/uploads\/2015\/02\/naturstein_uh-480x139.jpg 480w, http:\/\/www.holz-aussenanlagen.de\/wp-content\/uploads\/2015\/02\/naturstein_uh-700x203.jpg 700w, http:\/\/www.holz-aussenanlagen.de\/wp-content\/uploads\/2015\/02\/naturstein_uh-332x96.jpg 332w\" sizes=\"(max-width: 746px) 100vw, 746px\" \/><\/p>\n<div class=\"content_rechts\">\n<img loading=\"lazy\" decoding=\"async\" src=\"http:\/\/www.holz-aussenanlagen.de\/wp-content\/uploads\/2015\/02\/naturstein_b1.jpg\" alt=\"naturstein_b1\" width=\"240\" height=\"160\" class=\"alignnone size-full wp-image-148\" \/>\n<\/div>\n<h4>Wege, Einfahrten, Sitzgelegenheiten und Treppenl\u00e4ufe..<\/h4>\n<p>..sind die Eckpfeiler einer jeden Gartengestaltung. Ihre Form sowie ihre Beschaffenheit, ob geschwungen oder geradlinig, ob Natur- oder Betonwerkstein strukturiert Ihre gesamte Au\u00dfenanlage und ver\u00e4ndert den Charakter Ihrer Immobilie.<\/p>\n<p>Achtung!<br \/>\nSparen Sie bares Geld! Unsere Naturstein- und Pflasterarbeiten sind darauf ausgelegt, mehrere Jahrzehnte zu \u00fcberdauern, daher gilt es den Faktor &#8222;Abwassergeb\u00fchr f\u00fcr versiegelte Fl\u00e4chen&#8220; bei der Materialauswahl und der Gesamtkostenkalkulation zu ber\u00fccksichtigen.<\/p>\n<p>Wir beraten Sie gerne, weil durch die Entsiegelung Ihrer Fl\u00e4chen diese die j\u00e4hrliche Abwassergeb\u00fchr umgehen.<\/p>\n","protected":false},"excerpt":{"rendered":"<p>Wege, Einfahrten, Sitzgelegenheiten und Treppenl\u00e4ufe.. ..sind die Eckpfeiler einer jeden Gartengestaltung. Ihre Form sowie ihre Beschaffenheit, ob geschwungen oder geradlinig, ob Natur- oder Betonwerkstein strukturiert Ihre gesamte Au\u00dfenanlage und ver\u00e4ndert den Charakter Ihrer Immobilie. Achtung! Sparen Sie bares Geld! Unsere Naturstein- und Pflasterarbeiten sind darauf ausgelegt, mehrere Jahrzehnte zu \u00fcberdauern, &#8230;<\/p>\n","protected":false},"author":1,"featured_media":0,"parent":0,"menu_order":0,"comment_status":"closed","ping_status":"open","template":"","meta":{"footnotes":""},"_links":{"self":[{"href":"http:\/\/www.holz-aussenanlagen.de\/index.php?rest_route=\/wp\/v2\/pages\/89"}],"collection":[{"href":"http:\/\/www.holz-aussenanlagen.de\/index.php?rest_route=\/wp\/v2\/pages"}],"about":[{"href":"http:\/\/www.holz-aussenanlagen.de\/index.php?rest_route=\/wp\/v2\/types\/page"}],"author":[{"embeddable":true,"href":"http:\/\/www.holz-aussenanlagen.de\/index.php?rest_route=\/wp\/v2\/users\/1"}],"replies":[{"embeddable":true,"href":"http:\/\/www.holz-aussenanlagen.de\/index.php?rest_route=%2Fwp%2Fv2%2Fcomments&post=89"}],"version-history":[{"count":6,"href":"http:\/\/www.holz-aussenanlagen.de\/index.php?rest_route=\/wp\/v2\/pages\/89\/revisions"}],"predecessor-version":[{"id":149,"href":"http:\/\/www.holz-aussenanlagen.de\/index.php?rest_route=\/wp\/v2\/pages\/89\/revisions\/149"}],"wp:attachment":[{"href":"http:\/\/www.holz-aussenanlagen.de\/index.php?rest_route=%2Fwp%2Fv2%2Fmedia&parent=89"}],"curies":[{"name":"wp","href":"https:\/\/api.w.org\/{rel}","templated":true}]}}