{"id":2,"date":"2015-01-15T10:39:53","date_gmt":"2015-01-15T10:39:53","guid":{"rendered":"http:\/\/www.holz-aussenanlagen.de\/?page_id=2"},"modified":"2015-02-11T09:36:17","modified_gmt":"2015-02-11T09:36:17","slug":"beispiel-seite","status":"publish","type":"page","link":"http:\/\/www.holz-aussenanlagen.de\/","title":{"rendered":"Herzlich Willkommen"},"content":{"rendered":"<h4>Ihr Experte f\u00fcr Au\u00dfenanlagen im Saarland hei\u00dft Sie willkommen.<\/h4>\n<div id='gallery-2' class='gallery galleryid-2 gallery-columns-4 gallery-size-medium'><figure class='gallery-item'>\n\t\t\t<div class='gallery-icon landscape'>\n\t\t\t\t<a rel='attachment' href=\"http:\/\/www.holz-aussenanlagen.de\/?page_id=85\" class=\"no-lightbox\"><img loading=\"lazy\" decoding=\"async\" width=\"200\" height=\"166\" src=\"http:\/\/www.holz-aussenanlagen.de\/wp-content\/uploads\/2015\/01\/kb_beratung.jpg\" class=\"attachment-medium size-medium\" alt=\"\" \/><\/a>\n\t\t\t<\/div><\/figure><figure class='gallery-item'>\n\t\t\t<div class='gallery-icon landscape'>\n\t\t\t\t<a rel='attachment' href=\"http:\/\/www.holz-aussenanlagen.de\/?page_id=87\" class=\"no-lightbox\"><img loading=\"lazy\" decoding=\"async\" width=\"200\" height=\"166\" src=\"http:\/\/www.holz-aussenanlagen.de\/wp-content\/uploads\/2015\/01\/kb_terrassen.jpg\" class=\"attachment-medium size-medium\" alt=\"\" \/><\/a>\n\t\t\t<\/div><\/figure><figure class='gallery-item'>\n\t\t\t<div class='gallery-icon landscape'>\n\t\t\t\t<a rel='attachment' href=\" http:\/\/www.holz-aussenanlagen.de\/?page_id=89\" class=\"no-lightbox\"><img loading=\"lazy\" decoding=\"async\" width=\"200\" height=\"166\" src=\"http:\/\/www.holz-aussenanlagen.de\/wp-content\/uploads\/2015\/01\/kb_pflaster.jpg\" class=\"attachment-medium size-medium\" alt=\"\" \/><\/a>\n\t\t\t<\/div><\/figure><figure class='gallery-item'>\n\t\t\t<div class='gallery-icon landscape'>\n\t\t\t\t<a rel='attachment' href=\"http:\/\/www.holz-aussenanlagen.de\/?page_id=91\" class=\"no-lightbox\"><img loading=\"lazy\" decoding=\"async\" width=\"200\" height=\"166\" src=\"http:\/\/www.holz-aussenanlagen.de\/wp-content\/uploads\/2015\/01\/kb_mauer.jpg\" class=\"attachment-medium size-medium\" alt=\"\" \/><\/a>\n\t\t\t<\/div><\/figure><figure class='gallery-item'>\n\t\t\t<div class='gallery-icon landscape'>\n\t\t\t\t<a rel='attachment' href=\"http:\/\/www.holz-aussenanlagen.de\/?page_id=93\" class=\"no-lightbox\"><img loading=\"lazy\" decoding=\"async\" width=\"200\" height=\"166\" src=\"http:\/\/www.holz-aussenanlagen.de\/wp-content\/uploads\/2015\/01\/kb_sichtschutz.jpg\" class=\"attachment-medium size-medium\" alt=\"\" \/><\/a>\n\t\t\t<\/div><\/figure><figure class='gallery-item'>\n\t\t\t<div class='gallery-icon landscape'>\n\t\t\t\t<a rel='attachment' href=\" http:\/\/www.holz-aussenanlagen.de\/?page_id=95\" class=\"no-lightbox\"><img loading=\"lazy\" decoding=\"async\" width=\"200\" height=\"166\" src=\"http:\/\/www.holz-aussenanlagen.de\/wp-content\/uploads\/2015\/01\/kb_wasser_im_g.jpg\" class=\"attachment-medium size-medium\" alt=\"\" \/><\/a>\n\t\t\t<\/div><\/figure><figure class='gallery-item'>\n\t\t\t<div class='gallery-icon landscape'>\n\t\t\t\t<a rel='attachment' href=\"http:\/\/www.holz-aussenanlagen.de\/?page_id=97\" class=\"no-lightbox\"><img loading=\"lazy\" decoding=\"async\" width=\"200\" height=\"166\" src=\"http:\/\/www.holz-aussenanlagen.de\/wp-content\/uploads\/2015\/01\/kb_behinderten.jpg\" class=\"attachment-medium size-medium\" alt=\"\" \/><\/a>\n\t\t\t<\/div><\/figure><figure class='gallery-item'>\n\t\t\t<div class='gallery-icon landscape'>\n\t\t\t\t<a rel='attachment' href=\"http:\/\/www.holz-aussenanlagen.de\/?page_id=99\" class=\"no-lightbox\"><img loading=\"lazy\" decoding=\"async\" width=\"200\" height=\"166\" src=\"http:\/\/www.holz-aussenanlagen.de\/wp-content\/uploads\/2015\/01\/kb_pflanzen.jpg\" class=\"attachment-medium size-medium\" alt=\"\" \/><\/a>\n\t\t\t<\/div><\/figure>\n\t\t<\/div>\n\n<p>Verschaffen Sie sich einen Eindruck \u00fcber unseren T\u00e4tigkeitsbereich, unsere Leistungen und unser 20-k\u00f6pfiges Team. Lassen Sie sich inspirieren &#8211; tr\u00e4umen Sie &#8211; denn so k\u00f6nnte auch Ihr Garten bald aussehen.<\/p>\n<p>Durch den Erfahrungsschatz sowie die Kreativit\u00e4t unseres professionellen Teams sind wir \u00fcberzeugt, gemeinsam mit Ihnen Ihren Wunschgarten zu konzipieren und zu gestalten.<\/p>\n<p>Wir freuen uns, Sie bald als Kunden begr\u00fc\u00dfen zu d\u00fcrfen.<\/p>\n<p>Ihr Team von Holz Au\u00dfenanlagen<\/p>\n","protected":false},"excerpt":{"rendered":"<p>Ihr Experte f\u00fcr Au\u00dfenanlagen im Saarland hei\u00dft Sie willkommen. Verschaffen Sie sich einen Eindruck \u00fcber unseren T\u00e4tigkeitsbereich, unsere Leistungen und unser 20-k\u00f6pfiges Team. Lassen Sie sich inspirieren &#8211; tr\u00e4umen Sie &#8211; denn so k\u00f6nnte auch Ihr Garten bald aussehen. Durch den Erfahrungsschatz sowie die Kreativit\u00e4t unseres professionellen Teams sind wir &#8230;<\/p>\n","protected":false},"author":1,"featured_media":0,"parent":0,"menu_order":0,"comment_status":"closed","ping_status":"open","template":"","meta":{"footnotes":""},"_links":{"self":[{"href":"http:\/\/www.holz-aussenanlagen.de\/index.php?rest_route=\/wp\/v2\/pages\/2"}],"collection":[{"href":"http:\/\/www.holz-aussenanlagen.de\/index.php?rest_route=\/wp\/v2\/pages"}],"about":[{"href":"http:\/\/www.holz-aussenanlagen.de\/index.php?rest_route=\/wp\/v2\/types\/page"}],"author":[{"embeddable":true,"href":"http:\/\/www.holz-aussenanlagen.de\/index.php?rest_route=\/wp\/v2\/users\/1"}],"replies":[{"embeddable":true,"href":"http:\/\/www.holz-aussenanlagen.de\/index.php?rest_route=%2Fwp%2Fv2%2Fcomments&post=2"}],"version-history":[{"count":15,"href":"http:\/\/www.holz-aussenanlagen.de\/index.php?rest_route=\/wp\/v2\/pages\/2\/revisions"}],"predecessor-version":[{"id":133,"href":"http:\/\/www.holz-aussenanlagen.de\/index.php?rest_route=\/wp\/v2\/pages\/2\/revisions\/133"}],"wp:attachment":[{"href":"http:\/\/www.holz-aussenanlagen.de\/index.php?rest_route=%2Fwp%2Fv2%2Fmedia&parent=2"}],"curies":[{"name":"wp","href":"https:\/\/api.w.org\/{rel}","templated":true}]}}