{"id":10,"date":"2015-01-16T09:20:04","date_gmt":"2015-01-16T09:20:04","guid":{"rendered":"http:\/\/www.holz-aussenanlagen.de\/?page_id=10"},"modified":"2015-02-11T09:25:35","modified_gmt":"2015-02-11T09:25:35","slug":"unser-team","status":"publish","type":"page","link":"http:\/\/www.holz-aussenanlagen.de\/?page_id=10","title":{"rendered":"\u00dcber uns"},"content":{"rendered":"<h4>Au\u00dfenanlagen Karl-Josef Holz GmbH<\/h4>\n<p>Seit 1985 sind wir als Meisterbetrieb f\u00fcr Sie im Bereich der Gestaltung \u00f6ffentlicher und privater Au\u00dfenanlagen t\u00e4tig.<br \/>\nWas als Ein-Mann-Betrieb begann, wuchs mit der Zeit zu einem regional t\u00e4tigen, mittleren Unternehmen mit ca. zwanzig Angestellten heran.<br \/>\nNeben meiner Erfahrung stellt die Qualifikation meiner Mitarbeiter eine grundlegende S\u00e4ule des Erfolgs meines Unternehmens dar.<br \/>\nDie betriebseigene Ausbildung von Nachwuchskr\u00e4ften betrachte ich daher als unerl\u00e4sslich. Nur so wird mir nachhaltig Fachpersonal zur Verf\u00fcgung stehen. Nur so werde ich Ihnen auch in Zukunft eine professionelle Ausf\u00fchrung garten- und landschaftsbaulicher T\u00e4tigkeiten gew\u00e4hrleisten k\u00f6nnen.<\/p>\n<p>Ihr Karl-Josef Holz<\/p>\n","protected":false},"excerpt":{"rendered":"<p>Au\u00dfenanlagen Karl-Josef Holz GmbH Seit 1985 sind wir als Meisterbetrieb f\u00fcr Sie im Bereich der Gestaltung \u00f6ffentlicher und privater Au\u00dfenanlagen t\u00e4tig. Was als Ein-Mann-Betrieb begann, wuchs mit der Zeit zu einem regional t\u00e4tigen, mittleren Unternehmen mit ca. zwanzig Angestellten heran. Neben meiner Erfahrung stellt die Qualifikation meiner Mitarbeiter eine grundlegende &#8230;<\/p>\n","protected":false},"author":1,"featured_media":0,"parent":0,"menu_order":0,"comment_status":"closed","ping_status":"open","template":"","meta":{"footnotes":""},"_links":{"self":[{"href":"http:\/\/www.holz-aussenanlagen.de\/index.php?rest_route=\/wp\/v2\/pages\/10"}],"collection":[{"href":"http:\/\/www.holz-aussenanlagen.de\/index.php?rest_route=\/wp\/v2\/pages"}],"about":[{"href":"http:\/\/www.holz-aussenanlagen.de\/index.php?rest_route=\/wp\/v2\/types\/page"}],"author":[{"embeddable":true,"href":"http:\/\/www.holz-aussenanlagen.de\/index.php?rest_route=\/wp\/v2\/users\/1"}],"replies":[{"embeddable":true,"href":"http:\/\/www.holz-aussenanlagen.de\/index.php?rest_route=%2Fwp%2Fv2%2Fcomments&post=10"}],"version-history":[{"count":3,"href":"http:\/\/www.holz-aussenanlagen.de\/index.php?rest_route=\/wp\/v2\/pages\/10\/revisions"}],"predecessor-version":[{"id":130,"href":"http:\/\/www.holz-aussenanlagen.de\/index.php?rest_route=\/wp\/v2\/pages\/10\/revisions\/130"}],"wp:attachment":[{"href":"http:\/\/www.holz-aussenanlagen.de\/index.php?rest_route=%2Fwp%2Fv2%2Fmedia&parent=10"}],"curies":[{"name":"wp","href":"https:\/\/api.w.org\/{rel}","templated":true}]}}